{"id":1925,"date":"2023-10-04T12:02:50","date_gmt":"2023-10-04T10:02:50","guid":{"rendered":"https:\/\/arnaudchapalain.fr\/?page_id=1925"},"modified":"2024-07-16T09:13:44","modified_gmt":"2024-07-16T07:13:44","slug":"mentions-legales","status":"publish","type":"page","link":"https:\/\/arnaudchapalain.fr\/en\/mentions-legales\/","title":{"rendered":"Mentions L\u00e9gales"},"content":{"rendered":"<div data-elementor-type=\"wp-page\" data-elementor-id=\"1925\" class=\"elementor elementor-1925\">\n\t\t\t\t\t\t<section class=\"elementor-section elementor-top-section elementor-element elementor-element-d310434 elementor-section-stretched elementor-section-full_width elementor-section-height-default elementor-section-height-default\" data-id=\"d310434\" data-element_type=\"section\" data-e-type=\"section\" data-settings=\"{&quot;stretch_section&quot;:&quot;section-stretched&quot;,&quot;background_background&quot;:&quot;classic&quot;}\">\n\t\t\t\t\t\t<div class=\"elementor-container elementor-column-gap-default\">\n\t\t\t\t\t<div class=\"elementor-column elementor-col-100 elementor-top-column elementor-element elementor-element-175b2412\" data-id=\"175b2412\" data-element_type=\"column\" data-e-type=\"column\">\n\t\t\t<div class=\"elementor-widget-wrap elementor-element-populated\">\n\t\t\t\t\t\t<div class=\"elementor-element elementor-element-5cb48972 elementor-widget elementor-widget-spacer\" data-id=\"5cb48972\" data-element_type=\"widget\" data-e-type=\"widget\" data-widget_type=\"spacer.default\">\n\t\t\t\t<div class=\"elementor-widget-container\">\n\t\t\t\t\t\t\t<div class=\"elementor-spacer\">\n\t\t\t<div class=\"elementor-spacer-inner\"><\/div>\n\t\t<\/div>\n\t\t\t\t\t\t<\/div>\n\t\t\t\t<\/div>\n\t\t\t\t<div class=\"elementor-element elementor-element-d3eb57f elementor-widget elementor-widget-heading\" data-id=\"d3eb57f\" data-element_type=\"widget\" data-e-type=\"widget\" data-widget_type=\"heading.default\">\n\t\t\t\t<div class=\"elementor-widget-container\">\n\t\t\t\t\t<h2 class=\"elementor-heading-title elementor-size-default\">LEGAL NOTICE<\/h2>\t\t\t\t<\/div>\n\t\t\t\t<\/div>\n\t\t\t\t<div class=\"elementor-element elementor-element-02fdf4e elementor-widget elementor-widget-text-editor\" data-id=\"02fdf4e\" data-element_type=\"widget\" data-e-type=\"widget\" data-widget_type=\"text-editor.default\">\n\t\t\t\t<div class=\"elementor-widget-container\">\n\t\t\t\t\t\t\t\t\t<p class=\"Paragraphe\" style=\"text-align: center;\" align=\"center\">Effective 07\/03\/2023<\/p><p class=\"Paragraphe\" style=\"text-align: center;\" align=\"center\">Conform\u00e9ment aux dispositions des Articles 6-III et 19 de la Loi n\u00b02004-575 du 21 juin 2004 pour la Confiance dans l\u2019\u00e9conomie num\u00e9rique, dite L.C.E.N., il est port\u00e9 \u00e0 la connaissance des utilisateurs et visiteurs, ci-apr\u00e8s l&rsquo; \u00ab\u00a0Utilisateur\u00a0\u00bb, du site arnaudchapalain.fr , ci-apr\u00e8s le \u00ab\u00a0Site\u00a0\u00bb, les pr\u00e9sentes mentions l\u00e9gales.<\/p><p>La connexion et la navigation sur le site par l\u2019utilisateur implique acceptation int\u00e9grale et sans r\u00e9serve des pr\u00e9sentes mentions l\u00e9gales.<\/p><p>Ces derni\u00e8res sont accessibles sur le site \u00e0 la rubrique \u00ab Mentions l\u00e9gales \u00bb.<\/p><h2 style=\"text-align: left;\"><span style=\"color: #ffffff;\">ARTICLE 1 \u00e2\u20ac\u201c THE PUBLISHER<\/span><\/h2><p>L\u2019\u00e9dition et la direction de la publication du site est assur\u00e9e par Arnaud Chapalain, domicili\u00e9e Chemin de Proupeine 74000 ANNECY, dont le num\u00e9ro de t\u00e9l\u00e9phone est \u00a0+33 6 87 26 71 29, et l&rsquo;adresse e-mail : arnaudchap@hotmail.fr.<\/p><h2><span style=\"color: #ffffff;\">ARTICLE 2 \u00e2\u20ac\u201c THE HOST<\/span><\/h2><p>L&rsquo;h\u00e9bergeur du site est la soci\u00e9t\u00e9 OVH, dont le si\u00e8ge social est situ\u00e9 au 2 Rue Kellermann, 59100 Roubaix &#8211; FRANCE.<\/p><h2><span style=\"color: #ffffff;\">ARTICLE 3 \u00e2\u20ac\u201c ACCESS TO THE SITE<\/span><\/h2><p class=\"Paragraphe\">Le site est accessible en tout endroit, 7j\/7, 24h\/24 sauf cas de force majeure, interruption programm\u00e9e ou non et pouvant d\u00e9coulant d\u2019une n\u00e9cessit\u00e9 de maintenance.<\/p><p class=\"Paragraphe\">En cas de modification, interruption ou suspension du site, l&rsquo;\u00e9diteur ne saurait \u00eatre tenu responsable.<\/p><h2><span style=\"color: #ffffff;\">ARTICLE 4 \u00e2\u20ac\u201c DATA COLLECTION<\/span><\/h2><p>Le site est exempt\u00e9 de d\u00e9claration \u00e0 la Commission Nationale Informatique et Libert\u00e9s (CNIL) dans la mesure o\u00f9 il ne collecte aucune donn\u00e9e concernant les utilisateurs.<\/p><p>Toute utilisation, reproduction, diffusion, commercialisation, modification de toute ou partie du site, sans autorisation de l\u2019\u00e9diteur est prohib\u00e9e et pourra entra\u00een\u00e9e des actions et poursuites judiciaires telles que notamment pr\u00e9vues par le code de la propri\u00e9t\u00e9 intellectuelle et le Code civil.<\/p>\t\t\t\t\t\t\t\t<\/div>\n\t\t\t\t<\/div>\n\t\t\t\t<div class=\"elementor-element elementor-element-aa7c0de elementor-widget elementor-widget-spacer\" data-id=\"aa7c0de\" data-element_type=\"widget\" data-e-type=\"widget\" data-widget_type=\"spacer.default\">\n\t\t\t\t<div class=\"elementor-widget-container\">\n\t\t\t\t\t\t\t<div class=\"elementor-spacer\">\n\t\t\t<div class=\"elementor-spacer-inner\"><\/div>\n\t\t<\/div>\n\t\t\t\t\t\t<\/div>\n\t\t\t\t<\/div>\n\t\t\t\t\t<\/div>\n\t\t<\/div>\n\t\t\t\t\t<\/div>\n\t\t<\/section>\n\t\t\t\t<section class=\"elementor-section elementor-top-section elementor-element elementor-element-2cd883e elementor-section-stretched elementor-section-boxed elementor-section-height-default elementor-section-height-default\" data-id=\"2cd883e\" data-element_type=\"section\" data-e-type=\"section\" data-settings=\"{&quot;stretch_section&quot;:&quot;section-stretched&quot;,&quot;background_background&quot;:&quot;classic&quot;}\">\n\t\t\t\t\t\t<div class=\"elementor-container elementor-column-gap-default\">\n\t\t\t\t\t<div class=\"elementor-column elementor-col-100 elementor-top-column elementor-element elementor-element-05dabc6\" data-id=\"05dabc6\" data-element_type=\"column\" data-e-type=\"column\">\n\t\t\t<div class=\"elementor-widget-wrap elementor-element-populated\">\n\t\t\t\t\t\t<div class=\"elementor-element elementor-element-f1de75b elementor-widget elementor-widget-spacer\" data-id=\"f1de75b\" data-element_type=\"widget\" data-e-type=\"widget\" data-widget_type=\"spacer.default\">\n\t\t\t\t<div class=\"elementor-widget-container\">\n\t\t\t\t\t\t\t<div class=\"elementor-spacer\">\n\t\t\t<div class=\"elementor-spacer-inner\"><\/div>\n\t\t<\/div>\n\t\t\t\t\t\t<\/div>\n\t\t\t\t<\/div>\n\t\t\t\t<div class=\"elementor-element elementor-element-99eff4d elementor-widget elementor-widget-menu-anchor\" data-id=\"99eff4d\" data-element_type=\"widget\" data-e-type=\"widget\" data-widget_type=\"menu-anchor.default\">\n\t\t\t\t<div class=\"elementor-widget-container\">\n\t\t\t\t\t\t\t<div class=\"elementor-menu-anchor\" id=\"contact\"><\/div>\n\t\t\t\t\t\t<\/div>\n\t\t\t\t<\/div>\n\t\t\t\t<div class=\"elementor-element elementor-element-d174477 elementor-widget elementor-widget-image\" data-id=\"d174477\" data-element_type=\"widget\" data-e-type=\"widget\" data-widget_type=\"image.default\">\n\t\t\t\t<div class=\"elementor-widget-container\">\n\t\t\t\t\t\t\t\t\t\t\t\t\t\t\t<img decoding=\"async\" src=\"http:\/\/arnaudchapalain.fr\/wp-content\/uploads\/2023\/09\/Logo-AC-blanc-3.png\" title=\"\" alt=\"\" loading=\"lazy\" \/>\t\t\t\t\t\t\t\t\t\t\t\t\t\t\t<\/div>\n\t\t\t\t<\/div>\n\t\t\t\t<div class=\"elementor-element elementor-element-42f19e1 elementor-align-center elementor-list-item-link-inline elementor-icon-list--layout-traditional elementor-widget elementor-widget-icon-list\" data-id=\"42f19e1\" data-element_type=\"widget\" data-e-type=\"widget\" data-widget_type=\"icon-list.default\">\n\t\t\t\t<div class=\"elementor-widget-container\">\n\t\t\t\t\t\t\t<ul class=\"elementor-icon-list-items\">\n\t\t\t\t\t\t\t<li class=\"elementor-icon-list-item\">\n\t\t\t\t\t\t\t\t\t\t\t<a href=\"mailto:arnaudchap@hotmail.fr\">\n\n\t\t\t\t\t\t\t\t\t\t\t\t<span class=\"elementor-icon-list-icon\">\n\t\t\t\t\t\t\t<i aria-hidden=\"true\" class=\"far fa-envelope\"><\/i>\t\t\t\t\t\t<\/span>\n\t\t\t\t\t\t\t\t\t\t<span class=\"elementor-icon-list-text\">arnaudchap@hotmail.fr<\/span>\n\t\t\t\t\t\t\t\t\t\t\t<\/a>\n\t\t\t\t\t\t\t\t\t<\/li>\n\t\t\t\t\t\t<\/ul>\n\t\t\t\t\t\t<\/div>\n\t\t\t\t<\/div>\n\t\t\t\t<div class=\"elementor-element elementor-element-5c89f59 elementor-shape-circle elementor-grid-2 e-grid-align-center elementor-widget elementor-widget-social-icons\" data-id=\"5c89f59\" data-element_type=\"widget\" data-e-type=\"widget\" data-widget_type=\"social-icons.default\">\n\t\t\t\t<div class=\"elementor-widget-container\">\n\t\t\t\t\t\t\t<div class=\"elementor-social-icons-wrapper elementor-grid\" role=\"list\">\n\t\t\t\t\t\t\t<span class=\"elementor-grid-item\" role=\"listitem\">\n\t\t\t\t\t<a class=\"elementor-icon elementor-social-icon elementor-social-icon-instagram elementor-repeater-item-d9e6556\" href=\"https:\/\/www.instagram.com\/chapalain_a\/\" target=\"_blank\">\n\t\t\t\t\t\t<span class=\"elementor-screen-only\">Instagram<\/span>\n\t\t\t\t\t\t<i aria-hidden=\"true\" class=\"fab fa-instagram\"><\/i>\t\t\t\t\t<\/a>\n\t\t\t\t<\/span>\n\t\t\t\t\t\t\t<span class=\"elementor-grid-item\" role=\"listitem\">\n\t\t\t\t\t<a class=\"elementor-icon elementor-social-icon elementor-social-icon-facebook elementor-repeater-item-2850a54\" href=\"https:\/\/www.facebook.com\/profile.php?id=100063549273866&#038;sk=about\" target=\"_blank\">\n\t\t\t\t\t\t<span class=\"elementor-screen-only\">Facebook<\/span>\n\t\t\t\t\t\t<i aria-hidden=\"true\" class=\"fab fa-facebook\"><\/i>\t\t\t\t\t<\/a>\n\t\t\t\t<\/span>\n\t\t\t\t\t<\/div>\n\t\t\t\t\t\t<\/div>\n\t\t\t\t<\/div>\n\t\t\t\t<div class=\"elementor-element elementor-element-5bff5e8 elementor-widget elementor-widget-spacer\" data-id=\"5bff5e8\" data-element_type=\"widget\" data-e-type=\"widget\" data-widget_type=\"spacer.default\">\n\t\t\t\t<div class=\"elementor-widget-container\">\n\t\t\t\t\t\t\t<div class=\"elementor-spacer\">\n\t\t\t<div class=\"elementor-spacer-inner\"><\/div>\n\t\t<\/div>\n\t\t\t\t\t\t<\/div>\n\t\t\t\t<\/div>\n\t\t\t\t\t<\/div>\n\t\t<\/div>\n\t\t\t\t\t<\/div>\n\t\t<\/section>\n\t\t\t\t<\/div>","protected":false},"excerpt":{"rendered":"<p>MENTIONS LEGALES En vigueur au 03\/07\/2023 Conform\u00c3\u00a9ment aux dispositions des Articles 6-III et 19 de la Loi n\u00c2\u00b02004-575 du 21 juin 2004 pour la Confiance dans l\u00e2\u20ac\u2122\u00c3\u00a9conomie num\u00c3\u00a9rique, dite L.C.E.N., il est port\u00c3\u00a9 \u00c3\u00a0 la connaissance des utilisateurs et visiteurs, ci-apr\u00c3\u00a8s l&rsquo; \u00ab\u00a0Utilisateur\u00a0\u00bb, du site arnaudchapalain.fr , ci-apr\u00c3\u00a8s le \u00ab\u00a0Site\u00a0\u00bb, les pr\u00c3\u00a9sentes mentions l\u00c3\u00a9gales. La [&hellip;]<\/p>\n","protected":false},"author":5,"featured_media":0,"parent":0,"menu_order":0,"comment_status":"closed","ping_status":"closed","template":"","meta":{"ocean_post_layout":"","ocean_both_sidebars_style":"","ocean_both_sidebars_content_width":0,"ocean_both_sidebars_sidebars_width":0,"ocean_sidebar":"","ocean_second_sidebar":"","ocean_disable_margins":"enable","ocean_add_body_class":"","ocean_shortcode_before_top_bar":"","ocean_shortcode_after_top_bar":"","ocean_shortcode_before_header":"","ocean_shortcode_after_header":"","ocean_has_shortcode":"","ocean_shortcode_after_title":"","ocean_shortcode_before_footer_widgets":"","ocean_shortcode_after_footer_widgets":"","ocean_shortcode_before_footer_bottom":"","ocean_shortcode_after_footer_bottom":"","ocean_display_top_bar":"default","ocean_display_header":"default","ocean_header_style":"","ocean_center_header_left_menu":"","ocean_custom_header_template":"","ocean_custom_logo":0,"ocean_custom_retina_logo":0,"ocean_custom_logo_max_width":0,"ocean_custom_logo_tablet_max_width":0,"ocean_custom_logo_mobile_max_width":0,"ocean_custom_logo_max_height":0,"ocean_custom_logo_tablet_max_height":0,"ocean_custom_logo_mobile_max_height":0,"ocean_header_custom_menu":"","ocean_menu_typo_font_family":"","ocean_menu_typo_font_subset":"","ocean_menu_typo_font_size":0,"ocean_menu_typo_font_size_tablet":0,"ocean_menu_typo_font_size_mobile":0,"ocean_menu_typo_font_size_unit":"px","ocean_menu_typo_font_weight":"","ocean_menu_typo_font_weight_tablet":"","ocean_menu_typo_font_weight_mobile":"","ocean_menu_typo_transform":"","ocean_menu_typo_transform_tablet":"","ocean_menu_typo_transform_mobile":"","ocean_menu_typo_line_height":0,"ocean_menu_typo_line_height_tablet":0,"ocean_menu_typo_line_height_mobile":0,"ocean_menu_typo_line_height_unit":"","ocean_menu_typo_spacing":0,"ocean_menu_typo_spacing_tablet":0,"ocean_menu_typo_spacing_mobile":0,"ocean_menu_typo_spacing_unit":"","ocean_menu_link_color":"","ocean_menu_link_color_hover":"","ocean_menu_link_color_active":"","ocean_menu_link_background":"","ocean_menu_link_hover_background":"","ocean_menu_link_active_background":"","ocean_menu_social_links_bg":"","ocean_menu_social_hover_links_bg":"","ocean_menu_social_links_color":"","ocean_menu_social_hover_links_color":"","ocean_disable_title":"default","ocean_disable_heading":"default","ocean_post_title":"","ocean_post_subheading":"","ocean_post_title_style":"","ocean_post_title_background_color":"","ocean_post_title_background":0,"ocean_post_title_bg_image_position":"","ocean_post_title_bg_image_attachment":"","ocean_post_title_bg_image_repeat":"","ocean_post_title_bg_image_size":"","ocean_post_title_height":0,"ocean_post_title_bg_overlay":0.5,"ocean_post_title_bg_overlay_color":"","ocean_disable_breadcrumbs":"default","ocean_breadcrumbs_color":"","ocean_breadcrumbs_separator_color":"","ocean_breadcrumbs_links_color":"","ocean_breadcrumbs_links_hover_color":"","ocean_display_footer_widgets":"default","ocean_display_footer_bottom":"default","ocean_custom_footer_template":"","_vp_format_video_url":"","_vp_image_focal_point":[],"footnotes":""},"class_list":["post-1925","page","type-page","status-publish","hentry","entry"],"yoast_head":"<!-- This site is optimized with the Yoast SEO plugin v27.3 - https:\/\/yoast.com\/product\/yoast-seo-wordpress\/ -->\n<title>Mentions L\u00e9gales - Arnaud Chapalain<\/title>\n<meta name=\"robots\" content=\"index, follow, max-snippet:-1, max-image-preview:large, max-video-preview:-1\" \/>\n<link rel=\"canonical\" href=\"https:\/\/arnaudchapalain.fr\/en\/mentions-legales\/\" \/>\n<meta property=\"og:locale\" content=\"en_GB\" \/>\n<meta property=\"og:type\" content=\"article\" \/>\n<meta property=\"og:title\" content=\"Mentions L\u00e9gales - Arnaud Chapalain\" \/>\n<meta property=\"og:description\" content=\"MENTIONS LEGALES En vigueur au 03\/07\/2023 Conform\u00c3\u00a9ment aux dispositions des Articles 6-III et 19 de la Loi n\u00c2\u00b02004-575 du 21 juin 2004 pour la Confiance dans l\u00e2\u20ac\u2122\u00c3\u00a9conomie num\u00c3\u00a9rique, dite L.C.E.N., il est port\u00c3\u00a9 \u00c3\u00a0 la connaissance des utilisateurs et visiteurs, ci-apr\u00c3\u00a8s l&rsquo; \u00ab\u00a0Utilisateur\u00a0\u00bb, du site arnaudchapalain.fr , ci-apr\u00c3\u00a8s le \u00ab\u00a0Site\u00a0\u00bb, les pr\u00c3\u00a9sentes mentions l\u00c3\u00a9gales. La [&hellip;]\" \/>\n<meta property=\"og:url\" content=\"https:\/\/arnaudchapalain.fr\/en\/mentions-legales\/\" \/>\n<meta property=\"og:site_name\" content=\"Arnaud Chapalain\" \/>\n<meta property=\"article:publisher\" content=\"https:\/\/www.facebook.com\/profile.php?id=100063549273866&amp;sk=about\" \/>\n<meta property=\"article:modified_time\" content=\"2024-07-16T07:13:44+00:00\" \/>\n<meta property=\"og:image\" content=\"http:\/\/arnaudchapalain.fr\/wp-content\/uploads\/2023\/09\/Logo-AC-blanc-3-300x150.png\" \/>\n<meta name=\"twitter:card\" content=\"summary_large_image\" \/>\n<meta name=\"twitter:label1\" content=\"Estimated reading time\" \/>\n\t<meta name=\"twitter:data1\" content=\"2 minutes\" \/>\n<script type=\"application\/ld+json\" class=\"yoast-schema-graph\">{\"@context\":\"https:\\\/\\\/schema.org\",\"@graph\":[{\"@type\":\"WebPage\",\"@id\":\"https:\\\/\\\/arnaudchapalain.fr\\\/en\\\/mentions-legales\\\/\",\"url\":\"https:\\\/\\\/arnaudchapalain.fr\\\/en\\\/mentions-legales\\\/\",\"name\":\"Mentions L\u00e9gales - Arnaud Chapalain\",\"isPartOf\":{\"@id\":\"https:\\\/\\\/arnaudchapalain.fr\\\/en\\\/#website\"},\"primaryImageOfPage\":{\"@id\":\"https:\\\/\\\/arnaudchapalain.fr\\\/en\\\/mentions-legales\\\/#primaryimage\"},\"image\":{\"@id\":\"https:\\\/\\\/arnaudchapalain.fr\\\/en\\\/mentions-legales\\\/#primaryimage\"},\"thumbnailUrl\":\"http:\\\/\\\/arnaudchapalain.fr\\\/wp-content\\\/uploads\\\/2023\\\/09\\\/Logo-AC-blanc-3-300x150.png\",\"datePublished\":\"2023-10-04T10:02:50+00:00\",\"dateModified\":\"2024-07-16T07:13:44+00:00\",\"breadcrumb\":{\"@id\":\"https:\\\/\\\/arnaudchapalain.fr\\\/en\\\/mentions-legales\\\/#breadcrumb\"},\"inLanguage\":\"en-GB\",\"potentialAction\":[{\"@type\":\"ReadAction\",\"target\":[\"https:\\\/\\\/arnaudchapalain.fr\\\/en\\\/mentions-legales\\\/\"]}]},{\"@type\":\"ImageObject\",\"inLanguage\":\"en-GB\",\"@id\":\"https:\\\/\\\/arnaudchapalain.fr\\\/en\\\/mentions-legales\\\/#primaryimage\",\"url\":\"http:\\\/\\\/arnaudchapalain.fr\\\/wp-content\\\/uploads\\\/2023\\\/09\\\/Logo-AC-blanc-3-300x150.png\",\"contentUrl\":\"http:\\\/\\\/arnaudchapalain.fr\\\/wp-content\\\/uploads\\\/2023\\\/09\\\/Logo-AC-blanc-3-300x150.png\"},{\"@type\":\"BreadcrumbList\",\"@id\":\"https:\\\/\\\/arnaudchapalain.fr\\\/en\\\/mentions-legales\\\/#breadcrumb\",\"itemListElement\":[{\"@type\":\"ListItem\",\"position\":1,\"name\":\"Accueil\",\"item\":\"https:\\\/\\\/arnaudchapalain.fr\\\/en\\\/\"},{\"@type\":\"ListItem\",\"position\":2,\"name\":\"Mentions L\u00e9gales\"}]},{\"@type\":\"WebSite\",\"@id\":\"https:\\\/\\\/arnaudchapalain.fr\\\/en\\\/#website\",\"url\":\"https:\\\/\\\/arnaudchapalain.fr\\\/en\\\/\",\"name\":\"Arnaud Chapalain\",\"description\":\"Artiste Peintre - Annecy\",\"publisher\":{\"@id\":\"https:\\\/\\\/arnaudchapalain.fr\\\/en\\\/#organization\"},\"potentialAction\":[{\"@type\":\"SearchAction\",\"target\":{\"@type\":\"EntryPoint\",\"urlTemplate\":\"https:\\\/\\\/arnaudchapalain.fr\\\/en\\\/?s={search_term_string}\"},\"query-input\":{\"@type\":\"PropertyValueSpecification\",\"valueRequired\":true,\"valueName\":\"search_term_string\"}}],\"inLanguage\":\"en-GB\"},{\"@type\":\"Organization\",\"@id\":\"https:\\\/\\\/arnaudchapalain.fr\\\/en\\\/#organization\",\"name\":\"Arnaud Chapalain\",\"url\":\"https:\\\/\\\/arnaudchapalain.fr\\\/en\\\/\",\"logo\":{\"@type\":\"ImageObject\",\"inLanguage\":\"en-GB\",\"@id\":\"https:\\\/\\\/arnaudchapalain.fr\\\/en\\\/#\\\/schema\\\/logo\\\/image\\\/\",\"url\":\"https:\\\/\\\/arnaudchapalain.fr\\\/wp-content\\\/uploads\\\/2023\\\/11\\\/logo-sign-new2.png\",\"contentUrl\":\"https:\\\/\\\/arnaudchapalain.fr\\\/wp-content\\\/uploads\\\/2023\\\/11\\\/logo-sign-new2.png\",\"width\":600,\"height\":441,\"caption\":\"Arnaud Chapalain\"},\"image\":{\"@id\":\"https:\\\/\\\/arnaudchapalain.fr\\\/en\\\/#\\\/schema\\\/logo\\\/image\\\/\"},\"sameAs\":[\"https:\\\/\\\/www.facebook.com\\\/profile.php?id=100063549273866&sk=about\",\"https:\\\/\\\/www.instagram.com\\\/chapalain_a\\\/\"]}]}<\/script>\n<!-- \/ Yoast SEO plugin. -->","yoast_head_json":{"title":"Mentions L\u00e9gales - Arnaud Chapalain","robots":{"index":"index","follow":"follow","max-snippet":"max-snippet:-1","max-image-preview":"max-image-preview:large","max-video-preview":"max-video-preview:-1"},"canonical":"https:\/\/arnaudchapalain.fr\/en\/mentions-legales\/","og_locale":"en_GB","og_type":"article","og_title":"Mentions L\u00e9gales - Arnaud Chapalain","og_description":"MENTIONS LEGALES En vigueur au 03\/07\/2023 Conform\u00c3\u00a9ment aux dispositions des Articles 6-III et 19 de la Loi n\u00c2\u00b02004-575 du 21 juin 2004 pour la Confiance dans l\u00e2\u20ac\u2122\u00c3\u00a9conomie num\u00c3\u00a9rique, dite L.C.E.N., il est port\u00c3\u00a9 \u00c3\u00a0 la connaissance des utilisateurs et visiteurs, ci-apr\u00c3\u00a8s l&rsquo; \u00ab\u00a0Utilisateur\u00a0\u00bb, du site arnaudchapalain.fr , ci-apr\u00c3\u00a8s le \u00ab\u00a0Site\u00a0\u00bb, les pr\u00c3\u00a9sentes mentions l\u00c3\u00a9gales. La [&hellip;]","og_url":"https:\/\/arnaudchapalain.fr\/en\/mentions-legales\/","og_site_name":"Arnaud Chapalain","article_publisher":"https:\/\/www.facebook.com\/profile.php?id=100063549273866&sk=about","article_modified_time":"2024-07-16T07:13:44+00:00","og_image":[{"url":"http:\/\/arnaudchapalain.fr\/wp-content\/uploads\/2023\/09\/Logo-AC-blanc-3-300x150.png","type":"","width":"","height":""}],"twitter_card":"summary_large_image","twitter_misc":{"Estimated reading time":"2 minutes"},"schema":{"@context":"https:\/\/schema.org","@graph":[{"@type":"WebPage","@id":"https:\/\/arnaudchapalain.fr\/en\/mentions-legales\/","url":"https:\/\/arnaudchapalain.fr\/en\/mentions-legales\/","name":"Mentions L\u00e9gales - Arnaud Chapalain","isPartOf":{"@id":"https:\/\/arnaudchapalain.fr\/en\/#website"},"primaryImageOfPage":{"@id":"https:\/\/arnaudchapalain.fr\/en\/mentions-legales\/#primaryimage"},"image":{"@id":"https:\/\/arnaudchapalain.fr\/en\/mentions-legales\/#primaryimage"},"thumbnailUrl":"http:\/\/arnaudchapalain.fr\/wp-content\/uploads\/2023\/09\/Logo-AC-blanc-3-300x150.png","datePublished":"2023-10-04T10:02:50+00:00","dateModified":"2024-07-16T07:13:44+00:00","breadcrumb":{"@id":"https:\/\/arnaudchapalain.fr\/en\/mentions-legales\/#breadcrumb"},"inLanguage":"en-GB","potentialAction":[{"@type":"ReadAction","target":["https:\/\/arnaudchapalain.fr\/en\/mentions-legales\/"]}]},{"@type":"ImageObject","inLanguage":"en-GB","@id":"https:\/\/arnaudchapalain.fr\/en\/mentions-legales\/#primaryimage","url":"http:\/\/arnaudchapalain.fr\/wp-content\/uploads\/2023\/09\/Logo-AC-blanc-3-300x150.png","contentUrl":"http:\/\/arnaudchapalain.fr\/wp-content\/uploads\/2023\/09\/Logo-AC-blanc-3-300x150.png"},{"@type":"BreadcrumbList","@id":"https:\/\/arnaudchapalain.fr\/en\/mentions-legales\/#breadcrumb","itemListElement":[{"@type":"ListItem","position":1,"name":"Accueil","item":"https:\/\/arnaudchapalain.fr\/en\/"},{"@type":"ListItem","position":2,"name":"Mentions L\u00e9gales"}]},{"@type":"WebSite","@id":"https:\/\/arnaudchapalain.fr\/en\/#website","url":"https:\/\/arnaudchapalain.fr\/en\/","name":"Arnaud Chapalain","description":"Artiste Peintre - Annecy","publisher":{"@id":"https:\/\/arnaudchapalain.fr\/en\/#organization"},"potentialAction":[{"@type":"SearchAction","target":{"@type":"EntryPoint","urlTemplate":"https:\/\/arnaudchapalain.fr\/en\/?s={search_term_string}"},"query-input":{"@type":"PropertyValueSpecification","valueRequired":true,"valueName":"search_term_string"}}],"inLanguage":"en-GB"},{"@type":"Organization","@id":"https:\/\/arnaudchapalain.fr\/en\/#organization","name":"Arnaud Chapalain","url":"https:\/\/arnaudchapalain.fr\/en\/","logo":{"@type":"ImageObject","inLanguage":"en-GB","@id":"https:\/\/arnaudchapalain.fr\/en\/#\/schema\/logo\/image\/","url":"https:\/\/arnaudchapalain.fr\/wp-content\/uploads\/2023\/11\/logo-sign-new2.png","contentUrl":"https:\/\/arnaudchapalain.fr\/wp-content\/uploads\/2023\/11\/logo-sign-new2.png","width":600,"height":441,"caption":"Arnaud Chapalain"},"image":{"@id":"https:\/\/arnaudchapalain.fr\/en\/#\/schema\/logo\/image\/"},"sameAs":["https:\/\/www.facebook.com\/profile.php?id=100063549273866&sk=about","https:\/\/www.instagram.com\/chapalain_a\/"]}]}},"_links":{"self":[{"href":"https:\/\/arnaudchapalain.fr\/en\/wp-json\/wp\/v2\/pages\/1925","targetHints":{"allow":["GET"]}}],"collection":[{"href":"https:\/\/arnaudchapalain.fr\/en\/wp-json\/wp\/v2\/pages"}],"about":[{"href":"https:\/\/arnaudchapalain.fr\/en\/wp-json\/wp\/v2\/types\/page"}],"author":[{"embeddable":true,"href":"https:\/\/arnaudchapalain.fr\/en\/wp-json\/wp\/v2\/users\/5"}],"replies":[{"embeddable":true,"href":"https:\/\/arnaudchapalain.fr\/en\/wp-json\/wp\/v2\/comments?post=1925"}],"version-history":[{"count":0,"href":"https:\/\/arnaudchapalain.fr\/en\/wp-json\/wp\/v2\/pages\/1925\/revisions"}],"wp:attachment":[{"href":"https:\/\/arnaudchapalain.fr\/en\/wp-json\/wp\/v2\/media?parent=1925"}],"curies":[{"name":"wp","href":"https:\/\/api.w.org\/{rel}","templated":true}]}}